{"id":14,"date":"2024-10-16T14:42:23","date_gmt":"2024-10-16T14:42:23","guid":{"rendered":"https:\/\/openshops.rkinformatika.online\/?page_id=14"},"modified":"2025-04-08T13:59:11","modified_gmt":"2025-04-08T13:59:11","slug":"productos","status":"publish","type":"page","link":"https:\/\/eurocamas.es\/en\/productos\/","title":{"rendered":"Products"},"content":{"rendered":"<div data-elementor-type=\"wp-page\" data-elementor-id=\"14\" class=\"elementor elementor-14\" data-elementor-post-type=\"page\">\n\t\t\t\t<div class=\"elementor-element elementor-element-332f95a e-flex e-con-boxed e-con e-parent\" data-id=\"332f95a\" data-element_type=\"container\" data-e-type=\"container\" data-settings=\"{&quot;background_background&quot;:&quot;classic&quot;}\">\n\t\t\t\t\t<div class=\"e-con-inner\">\n\t\t<div class=\"elementor-element elementor-element-9bc7600 e-con-full e-flex e-con e-child\" data-id=\"9bc7600\" data-element_type=\"container\" data-e-type=\"container\">\n\t\t\t\t<div class=\"elementor-element elementor-element-1927d46 elementor-invisible elementor-widget elementor-widget-heading\" data-id=\"1927d46\" data-element_type=\"widget\" data-e-type=\"widget\" data-settings=\"{&quot;_animation&quot;:&quot;zoomIn&quot;}\" data-widget_type=\"heading.default\">\n\t\t\t\t<div class=\"elementor-widget-container\">\n\t\t\t\t\t<h1 class=\"elementor-heading-title elementor-size-default\">Products<\/h1>\t\t\t\t<\/div>\n\t\t\t\t<\/div>\n\t\t\t\t<\/div>\n\t\t\t\t\t<\/div>\n\t\t\t\t<\/div>\n\t\t<div class=\"elementor-element elementor-element-cf73b5f e-flex e-con-boxed e-con e-parent\" data-id=\"cf73b5f\" data-element_type=\"container\" data-e-type=\"container\">\n\t\t\t\t\t<div class=\"e-con-inner\">\n\t\t\t\t<div class=\"elementor-element elementor-element-fc41b24 elementor-widget elementor-widget-heading\" data-id=\"fc41b24\" data-element_type=\"widget\" data-e-type=\"widget\" data-widget_type=\"heading.default\">\n\t\t\t\t<div class=\"elementor-widget-container\">\n\t\t\t\t\t<h2 class=\"elementor-heading-title elementor-size-default\">Opciones de excelente calidad a precios bajos.<\/h2>\t\t\t\t<\/div>\n\t\t\t\t<\/div>\n\t\t\t\t\t<\/div>\n\t\t\t\t<\/div>\n\t\t<div class=\"elementor-element elementor-element-872480a e-flex e-con-boxed e-con e-parent\" data-id=\"872480a\" data-element_type=\"container\" data-e-type=\"container\">\n\t\t\t\t\t<div class=\"e-con-inner\">\n\t\t<div class=\"elementor-element elementor-element-b617c9f e-con-full e-flex e-con e-child\" data-id=\"b617c9f\" data-element_type=\"container\" data-e-type=\"container\">\n\t\t\t\t<div class=\"elementor-element elementor-element-ef80640 elementor-widget elementor-widget-image\" data-id=\"ef80640\" data-element_type=\"widget\" data-e-type=\"widget\" data-widget_type=\"image.default\">\n\t\t\t\t<div class=\"elementor-widget-container\">\n\t\t\t\t\t\t\t\t\t\t\t\t\t\t\t<img fetchpriority=\"high\" decoding=\"async\" width=\"800\" height=\"534\" src=\"https:\/\/eurocamas.es\/wp-content\/uploads\/2025\/04\/898-1024x683.jpg\" class=\"attachment-large size-large wp-image-2535\" alt=\"\" srcset=\"https:\/\/eurocamas.es\/wp-content\/uploads\/2025\/04\/898-1024x683.jpg 1024w, https:\/\/eurocamas.es\/wp-content\/uploads\/2025\/04\/898-300x200.jpg 300w, https:\/\/eurocamas.es\/wp-content\/uploads\/2025\/04\/898-768x512.jpg 768w, https:\/\/eurocamas.es\/wp-content\/uploads\/2025\/04\/898-18x12.jpg 18w, https:\/\/eurocamas.es\/wp-content\/uploads\/2025\/04\/898.jpg 1500w\" sizes=\"(max-width: 800px) 100vw, 800px\" \/>\t\t\t\t\t\t\t\t\t\t\t\t\t\t\t<\/div>\n\t\t\t\t<\/div>\n\t\t\t\t<div class=\"elementor-element elementor-element-f78af8a elementor-widget elementor-widget-heading\" data-id=\"f78af8a\" data-element_type=\"widget\" data-e-type=\"widget\" data-widget_type=\"heading.default\">\n\t\t\t\t<div class=\"elementor-widget-container\">\n\t\t\t\t\t<h2 class=\"elementor-heading-title elementor-size-default\">Maquillaje<\/h2>\t\t\t\t<\/div>\n\t\t\t\t<\/div>\n\t\t\t\t<div class=\"elementor-element elementor-element-85bb45e elementor-widget elementor-widget-text-editor\" data-id=\"85bb45e\" data-element_type=\"widget\" data-e-type=\"widget\" data-widget_type=\"text-editor.default\">\n\t\t\t\t<div class=\"elementor-widget-container\">\n\t\t\t\t\t\t\t\t\t<p class=\"\" data-start=\"142\" data-end=\"239\">Descubre nuestra selecci\u00f3n de maquillaje <strong data-start=\"183\" data-end=\"195\">low cost<\/strong> con productos para cada ocasi\u00f3n y estilo.<\/p><ul data-start=\"240\" data-end=\"455\"><li class=\"\" data-start=\"240\" data-end=\"281\"><p class=\"\" data-start=\"242\" data-end=\"281\">Bases, correctores y polvos compactos<\/p><\/li><li class=\"\" data-start=\"282\" data-end=\"338\"><p class=\"\" data-start=\"284\" data-end=\"338\">Sombras de ojos, delineadores y m\u00e1scaras de pesta\u00f1as<\/p><\/li><li class=\"\" data-start=\"339\" data-end=\"373\"><p class=\"\" data-start=\"341\" data-end=\"373\">Labiales, gloss y perfiladores<\/p><\/li><li class=\"\" data-start=\"374\" data-end=\"420\"><p class=\"\" data-start=\"376\" data-end=\"420\">Iluminadores, rubores y kits de contouring<\/p><\/li><li class=\"\" data-start=\"421\" data-end=\"455\"><p class=\"\" data-start=\"423\" data-end=\"455\">Brochas, esponjas y accesorios<\/p><\/li><\/ul>\t\t\t\t\t\t\t\t<\/div>\n\t\t\t\t<\/div>\n\t\t\t\t<\/div>\n\t\t<div class=\"elementor-element elementor-element-cd5a177 e-con-full e-flex e-con e-child\" data-id=\"cd5a177\" data-element_type=\"container\" data-e-type=\"container\">\n\t\t\t\t<div class=\"elementor-element elementor-element-81de3d7 elementor-widget elementor-widget-image\" data-id=\"81de3d7\" data-element_type=\"widget\" data-e-type=\"widget\" data-widget_type=\"image.default\">\n\t\t\t\t<div class=\"elementor-widget-container\">\n\t\t\t\t\t\t\t\t\t\t\t\t\t\t\t<img decoding=\"async\" width=\"800\" height=\"534\" src=\"https:\/\/eurocamas.es\/wp-content\/uploads\/2025\/04\/2149246378-1024x683.jpg\" class=\"attachment-large size-large wp-image-2539\" alt=\"\" srcset=\"https:\/\/eurocamas.es\/wp-content\/uploads\/2025\/04\/2149246378-1024x683.jpg 1024w, https:\/\/eurocamas.es\/wp-content\/uploads\/2025\/04\/2149246378-300x200.jpg 300w, https:\/\/eurocamas.es\/wp-content\/uploads\/2025\/04\/2149246378-768x512.jpg 768w, https:\/\/eurocamas.es\/wp-content\/uploads\/2025\/04\/2149246378-18x12.jpg 18w, https:\/\/eurocamas.es\/wp-content\/uploads\/2025\/04\/2149246378.jpg 1500w\" sizes=\"(max-width: 800px) 100vw, 800px\" \/>\t\t\t\t\t\t\t\t\t\t\t\t\t\t\t<\/div>\n\t\t\t\t<\/div>\n\t\t\t\t<div class=\"elementor-element elementor-element-8f5ccd8 elementor-widget elementor-widget-heading\" data-id=\"8f5ccd8\" data-element_type=\"widget\" data-e-type=\"widget\" data-widget_type=\"heading.default\">\n\t\t\t\t<div class=\"elementor-widget-container\">\n\t\t\t\t\t<h2 class=\"elementor-heading-title elementor-size-default\">Perfumer\u00eda<\/h2>\t\t\t\t<\/div>\n\t\t\t\t<\/div>\n\t\t\t\t<div class=\"elementor-element elementor-element-99b7892 elementor-widget elementor-widget-text-editor\" data-id=\"99b7892\" data-element_type=\"widget\" data-e-type=\"widget\" data-widget_type=\"text-editor.default\">\n\t\t\t\t<div class=\"elementor-widget-container\">\n\t\t\t\t\t\t\t\t\t<p class=\"\" data-start=\"581\" data-end=\"648\">Una amplia variedad de perfumes y colonias para todos los gustos:<\/p><ul data-start=\"649\" data-end=\"819\"><li class=\"\" data-start=\"649\" data-end=\"686\"><p class=\"\" data-start=\"651\" data-end=\"686\">Fragancias femeninas y masculinas<\/p><\/li><li class=\"\" data-start=\"687\" data-end=\"738\"><p class=\"\" data-start=\"689\" data-end=\"738\">Colonias frescas, dulces, amaderadas o intensas<\/p><\/li><li class=\"\" data-start=\"739\" data-end=\"769\"><p class=\"\" data-start=\"741\" data-end=\"769\">Body sprays y desodorantes<\/p><\/li><li class=\"\" data-start=\"770\" data-end=\"819\"><p class=\"\" data-start=\"772\" data-end=\"819\">Mini perfumes y estuches ideales para regalar<\/p><\/li><\/ul>\t\t\t\t\t\t\t\t<\/div>\n\t\t\t\t<\/div>\n\t\t\t\t<\/div>\n\t\t<div class=\"elementor-element elementor-element-1aa3202 e-con-full e-flex e-con e-child\" data-id=\"1aa3202\" data-element_type=\"container\" data-e-type=\"container\">\n\t\t\t\t<div class=\"elementor-element elementor-element-07307f1 elementor-widget elementor-widget-image\" data-id=\"07307f1\" data-element_type=\"widget\" data-e-type=\"widget\" data-widget_type=\"image.default\">\n\t\t\t\t<div class=\"elementor-widget-container\">\n\t\t\t\t\t\t\t\t\t\t\t\t\t\t\t<img decoding=\"async\" width=\"800\" height=\"534\" src=\"https:\/\/eurocamas.es\/wp-content\/uploads\/2025\/04\/13982793-1024x683.jpg\" class=\"attachment-large size-large wp-image-2541\" alt=\"\" srcset=\"https:\/\/eurocamas.es\/wp-content\/uploads\/2025\/04\/13982793-1024x683.jpg 1024w, https:\/\/eurocamas.es\/wp-content\/uploads\/2025\/04\/13982793-300x200.jpg 300w, https:\/\/eurocamas.es\/wp-content\/uploads\/2025\/04\/13982793-768x512.jpg 768w, https:\/\/eurocamas.es\/wp-content\/uploads\/2025\/04\/13982793-18x12.jpg 18w, https:\/\/eurocamas.es\/wp-content\/uploads\/2025\/04\/13982793.jpg 1500w\" sizes=\"(max-width: 800px) 100vw, 800px\" \/>\t\t\t\t\t\t\t\t\t\t\t\t\t\t\t<\/div>\n\t\t\t\t<\/div>\n\t\t\t\t<div class=\"elementor-element elementor-element-74cf14d elementor-widget elementor-widget-heading\" data-id=\"74cf14d\" data-element_type=\"widget\" data-e-type=\"widget\" data-widget_type=\"heading.default\">\n\t\t\t\t<div class=\"elementor-widget-container\">\n\t\t\t\t\t<h2 class=\"elementor-heading-title elementor-size-default\">Productos low cost<\/h2>\t\t\t\t<\/div>\n\t\t\t\t<\/div>\n\t\t\t\t<div class=\"elementor-element elementor-element-6bd35a3 elementor-widget elementor-widget-text-editor\" data-id=\"6bd35a3\" data-element_type=\"widget\" data-e-type=\"widget\" data-widget_type=\"text-editor.default\">\n\t\t\t\t<div class=\"elementor-widget-container\">\n\t\t\t\t\t\t\t\t\t<p class=\"\" data-start=\"923\" data-end=\"1001\">En Bazar Eurocamas, lo <strong data-start=\"946\" data-end=\"958\">low cost<\/strong> no significa baja calidad. Te ofrecemos:<\/p><ul data-start=\"1002\" data-end=\"1205\"><li class=\"\" data-start=\"1002\" data-end=\"1054\"><p class=\"\" data-start=\"1004\" data-end=\"1054\">Art\u00edculos para el hogar (cocina, ba\u00f1o, limpieza)<\/p><\/li><li class=\"\" data-start=\"1055\" data-end=\"1109\"><p class=\"\" data-start=\"1057\" data-end=\"1109\">Accesorios personales (peines, espejos, neceseres)<\/p><\/li><li class=\"\" data-start=\"1110\" data-end=\"1165\"><p class=\"\" data-start=\"1112\" data-end=\"1165\">Papeler\u00eda, juguetes, decoraci\u00f3n, herramientas y m\u00e1s<\/p><\/li><li class=\"\" data-start=\"1166\" data-end=\"1205\"><p class=\"\" data-start=\"1168\" data-end=\"1205\">Ideas de regalo econ\u00f3micas y \u00fatiles<\/p><\/li><\/ul>\t\t\t\t\t\t\t\t<\/div>\n\t\t\t\t<\/div>\n\t\t\t\t<\/div>\n\t\t\t\t\t<\/div>\n\t\t\t\t<\/div>\n\t\t\t\t<section class=\"elementor-section elementor-top-section elementor-element elementor-element-af4d0b6 elementor-section-boxed elementor-section-height-default elementor-section-height-default\" data-id=\"af4d0b6\" data-element_type=\"section\" data-e-type=\"section\" data-settings=\"{&quot;background_background&quot;:&quot;classic&quot;}\">\n\t\t\t\t\t\t\t<div class=\"elementor-background-overlay\"><\/div>\n\t\t\t\t\t\t\t<div class=\"elementor-container elementor-column-gap-no\">\n\t\t\t\t\t<div class=\"elementor-column elementor-col-100 elementor-top-column elementor-element elementor-element-9520c42\" data-id=\"9520c42\" data-element_type=\"column\" data-e-type=\"column\" data-settings=\"{&quot;background_background&quot;:&quot;classic&quot;}\">\n\t\t\t<div class=\"elementor-widget-wrap elementor-element-populated\">\n\t\t\t\t\t\t<div class=\"elementor-element elementor-element-060dcc7 elementor-invisible elementor-widget elementor-widget-heading\" data-id=\"060dcc7\" data-element_type=\"widget\" data-e-type=\"widget\" data-settings=\"{&quot;_animation&quot;:&quot;zoomIn&quot;}\" data-widget_type=\"heading.default\">\n\t\t\t\t<div class=\"elementor-widget-container\">\n\t\t\t\t\t<h2 class=\"elementor-heading-title elementor-size-default\">\u00bfNecesitas ayuda? \u00a1Hablemos!<\/h2>\t\t\t\t<\/div>\n\t\t\t\t<\/div>\n\t\t\t\t<div class=\"elementor-element elementor-element-ca7008b elementor-align-center elementor-widget elementor-widget-button\" data-id=\"ca7008b\" data-element_type=\"widget\" data-e-type=\"widget\" data-widget_type=\"button.default\">\n\t\t\t\t<div class=\"elementor-widget-container\">\n\t\t\t\t\t\t\t\t\t<div class=\"elementor-button-wrapper\">\n\t\t\t\t\t<a class=\"elementor-button elementor-button-link elementor-size-sm elementor-animation-float\" href=\"https:\/\/eurocamas.es\/en\/contacto\/\">\n\t\t\t\t\t\t<span class=\"elementor-button-content-wrapper\">\n\t\t\t\t\t\t\t\t\t<span class=\"elementor-button-text\">Contact Us<\/span>\n\t\t\t\t\t<\/span>\n\t\t\t\t\t<\/a>\n\t\t\t\t<\/div>\n\t\t\t\t\t\t\t\t<\/div>\n\t\t\t\t<\/div>\n\t\t\t\t\t<\/div>\n\t\t<\/div>\n\t\t\t\t\t<\/div>\n\t\t<\/section>\n\t\t\t\t<\/div>","protected":false},"excerpt":{"rendered":"<p>Productos Opciones de excelente calidad a precios bajos. Maquillaje Descubre nuestra selecci\u00f3n de maquillaje low cost con productos para cada ocasi\u00f3n y estilo. Bases, correctores y polvos compactos Sombras de ojos, delineadores y m\u00e1scaras de pesta\u00f1as Labiales, gloss y perfiladores Iluminadores, rubores y kits de contouring Brochas, esponjas y accesorios Perfumer\u00eda Una amplia variedad de [&hellip;]<\/p>\n","protected":false},"author":5,"featured_media":0,"parent":0,"menu_order":0,"comment_status":"closed","ping_status":"closed","template":"elementor_canvas","meta":{"footnotes":""},"class_list":["post-14","page","type-page","status-publish","hentry"],"yoast_head":"<!-- This site is optimized with the Yoast SEO plugin v27.3 - https:\/\/yoast.com\/product\/yoast-seo-wordpress\/ -->\n<title>Productos - Euro Camas<\/title>\n<meta name=\"robots\" content=\"index, follow, max-snippet:-1, max-image-preview:large, max-video-preview:-1\" \/>\n<link rel=\"canonical\" href=\"https:\/\/eurocamas.es\/en\/productos\/\" \/>\n<meta property=\"og:locale\" content=\"en_GB\" \/>\n<meta property=\"og:type\" content=\"article\" \/>\n<meta property=\"og:title\" content=\"Productos - Euro Camas\" \/>\n<meta property=\"og:description\" content=\"Productos Opciones de excelente calidad a precios bajos. Maquillaje Descubre nuestra selecci\u00f3n de maquillaje low cost con productos para cada ocasi\u00f3n y estilo. Bases, correctores y polvos compactos Sombras de ojos, delineadores y m\u00e1scaras de pesta\u00f1as Labiales, gloss y perfiladores Iluminadores, rubores y kits de contouring Brochas, esponjas y accesorios Perfumer\u00eda Una amplia variedad de [&hellip;]\" \/>\n<meta property=\"og:url\" content=\"https:\/\/eurocamas.es\/en\/productos\/\" \/>\n<meta property=\"og:site_name\" content=\"Euro Camas\" \/>\n<meta property=\"article:modified_time\" content=\"2025-04-08T13:59:11+00:00\" \/>\n<meta property=\"og:image\" content=\"https:\/\/eurocamas.es\/wp-content\/uploads\/2025\/04\/898.jpg\" \/>\n\t<meta property=\"og:image:width\" content=\"1500\" \/>\n\t<meta property=\"og:image:height\" content=\"1000\" \/>\n\t<meta property=\"og:image:type\" content=\"image\/jpeg\" \/>\n<meta name=\"twitter:card\" content=\"summary_large_image\" \/>\n<meta name=\"twitter:label1\" content=\"Estimated reading time\" \/>\n\t<meta name=\"twitter:data1\" content=\"2 minutes\" \/>\n<script type=\"application\/ld+json\" class=\"yoast-schema-graph\">{\"@context\":\"https:\\\/\\\/schema.org\",\"@graph\":[{\"@type\":\"WebPage\",\"@id\":\"https:\\\/\\\/eurocamas.es\\\/productos\\\/\",\"url\":\"https:\\\/\\\/eurocamas.es\\\/productos\\\/\",\"name\":\"Productos - Euro Camas\",\"isPartOf\":{\"@id\":\"https:\\\/\\\/eurocamas.es\\\/#website\"},\"primaryImageOfPage\":{\"@id\":\"https:\\\/\\\/eurocamas.es\\\/productos\\\/#primaryimage\"},\"image\":{\"@id\":\"https:\\\/\\\/eurocamas.es\\\/productos\\\/#primaryimage\"},\"thumbnailUrl\":\"https:\\\/\\\/eurocamas.es\\\/wp-content\\\/uploads\\\/2025\\\/04\\\/898-1024x683.jpg\",\"datePublished\":\"2024-10-16T14:42:23+00:00\",\"dateModified\":\"2025-04-08T13:59:11+00:00\",\"breadcrumb\":{\"@id\":\"https:\\\/\\\/eurocamas.es\\\/productos\\\/#breadcrumb\"},\"inLanguage\":\"en-GB\",\"potentialAction\":[{\"@type\":\"ReadAction\",\"target\":[\"https:\\\/\\\/eurocamas.es\\\/productos\\\/\"]}]},{\"@type\":\"ImageObject\",\"inLanguage\":\"en-GB\",\"@id\":\"https:\\\/\\\/eurocamas.es\\\/productos\\\/#primaryimage\",\"url\":\"https:\\\/\\\/eurocamas.es\\\/wp-content\\\/uploads\\\/2025\\\/04\\\/898-1024x683.jpg\",\"contentUrl\":\"https:\\\/\\\/eurocamas.es\\\/wp-content\\\/uploads\\\/2025\\\/04\\\/898-1024x683.jpg\"},{\"@type\":\"BreadcrumbList\",\"@id\":\"https:\\\/\\\/eurocamas.es\\\/productos\\\/#breadcrumb\",\"itemListElement\":[{\"@type\":\"ListItem\",\"position\":1,\"name\":\"Portada\",\"item\":\"https:\\\/\\\/eurocamas.es\\\/\"},{\"@type\":\"ListItem\",\"position\":2,\"name\":\"Productos\"}]},{\"@type\":\"WebSite\",\"@id\":\"https:\\\/\\\/eurocamas.es\\\/#website\",\"url\":\"https:\\\/\\\/eurocamas.es\\\/\",\"name\":\"Euro Camas\",\"description\":\"Bazar de productos low cost\",\"publisher\":{\"@id\":\"https:\\\/\\\/eurocamas.es\\\/#organization\"},\"potentialAction\":[{\"@type\":\"SearchAction\",\"target\":{\"@type\":\"EntryPoint\",\"urlTemplate\":\"https:\\\/\\\/eurocamas.es\\\/?s={search_term_string}\"},\"query-input\":{\"@type\":\"PropertyValueSpecification\",\"valueRequired\":true,\"valueName\":\"search_term_string\"}}],\"inLanguage\":\"en-GB\"},{\"@type\":\"Organization\",\"@id\":\"https:\\\/\\\/eurocamas.es\\\/#organization\",\"name\":\"Euro Camas\",\"url\":\"https:\\\/\\\/eurocamas.es\\\/\",\"logo\":{\"@type\":\"ImageObject\",\"inLanguage\":\"en-GB\",\"@id\":\"https:\\\/\\\/eurocamas.es\\\/#\\\/schema\\\/logo\\\/image\\\/\",\"url\":\"https:\\\/\\\/eurocamas.es\\\/wp-content\\\/uploads\\\/2025\\\/04\\\/cropped-EuroCamas.png\",\"contentUrl\":\"https:\\\/\\\/eurocamas.es\\\/wp-content\\\/uploads\\\/2025\\\/04\\\/cropped-EuroCamas.png\",\"width\":407,\"height\":163,\"caption\":\"Euro Camas\"},\"image\":{\"@id\":\"https:\\\/\\\/eurocamas.es\\\/#\\\/schema\\\/logo\\\/image\\\/\"}}]}<\/script>\n<!-- \/ Yoast SEO plugin. -->","yoast_head_json":{"title":"Productos - Euro Camas","robots":{"index":"index","follow":"follow","max-snippet":"max-snippet:-1","max-image-preview":"max-image-preview:large","max-video-preview":"max-video-preview:-1"},"canonical":"https:\/\/eurocamas.es\/en\/productos\/","og_locale":"en_GB","og_type":"article","og_title":"Productos - Euro Camas","og_description":"Productos Opciones de excelente calidad a precios bajos. Maquillaje Descubre nuestra selecci\u00f3n de maquillaje low cost con productos para cada ocasi\u00f3n y estilo. Bases, correctores y polvos compactos Sombras de ojos, delineadores y m\u00e1scaras de pesta\u00f1as Labiales, gloss y perfiladores Iluminadores, rubores y kits de contouring Brochas, esponjas y accesorios Perfumer\u00eda Una amplia variedad de [&hellip;]","og_url":"https:\/\/eurocamas.es\/en\/productos\/","og_site_name":"Euro Camas","article_modified_time":"2025-04-08T13:59:11+00:00","og_image":[{"width":1500,"height":1000,"url":"https:\/\/eurocamas.es\/wp-content\/uploads\/2025\/04\/898.jpg","type":"image\/jpeg"}],"twitter_card":"summary_large_image","twitter_misc":{"Estimated reading time":"2 minutes"},"schema":{"@context":"https:\/\/schema.org","@graph":[{"@type":"WebPage","@id":"https:\/\/eurocamas.es\/productos\/","url":"https:\/\/eurocamas.es\/productos\/","name":"Productos - Euro Camas","isPartOf":{"@id":"https:\/\/eurocamas.es\/#website"},"primaryImageOfPage":{"@id":"https:\/\/eurocamas.es\/productos\/#primaryimage"},"image":{"@id":"https:\/\/eurocamas.es\/productos\/#primaryimage"},"thumbnailUrl":"https:\/\/eurocamas.es\/wp-content\/uploads\/2025\/04\/898-1024x683.jpg","datePublished":"2024-10-16T14:42:23+00:00","dateModified":"2025-04-08T13:59:11+00:00","breadcrumb":{"@id":"https:\/\/eurocamas.es\/productos\/#breadcrumb"},"inLanguage":"en-GB","potentialAction":[{"@type":"ReadAction","target":["https:\/\/eurocamas.es\/productos\/"]}]},{"@type":"ImageObject","inLanguage":"en-GB","@id":"https:\/\/eurocamas.es\/productos\/#primaryimage","url":"https:\/\/eurocamas.es\/wp-content\/uploads\/2025\/04\/898-1024x683.jpg","contentUrl":"https:\/\/eurocamas.es\/wp-content\/uploads\/2025\/04\/898-1024x683.jpg"},{"@type":"BreadcrumbList","@id":"https:\/\/eurocamas.es\/productos\/#breadcrumb","itemListElement":[{"@type":"ListItem","position":1,"name":"Portada","item":"https:\/\/eurocamas.es\/"},{"@type":"ListItem","position":2,"name":"Productos"}]},{"@type":"WebSite","@id":"https:\/\/eurocamas.es\/#website","url":"https:\/\/eurocamas.es\/","name":"Euro Camas","description":"Low Cost Product Bazaar","publisher":{"@id":"https:\/\/eurocamas.es\/#organization"},"potentialAction":[{"@type":"SearchAction","target":{"@type":"EntryPoint","urlTemplate":"https:\/\/eurocamas.es\/?s={search_term_string}"},"query-input":{"@type":"PropertyValueSpecification","valueRequired":true,"valueName":"search_term_string"}}],"inLanguage":"en-GB"},{"@type":"Organization","@id":"https:\/\/eurocamas.es\/#organization","name":"Euro Camas","url":"https:\/\/eurocamas.es\/","logo":{"@type":"ImageObject","inLanguage":"en-GB","@id":"https:\/\/eurocamas.es\/#\/schema\/logo\/image\/","url":"https:\/\/eurocamas.es\/wp-content\/uploads\/2025\/04\/cropped-EuroCamas.png","contentUrl":"https:\/\/eurocamas.es\/wp-content\/uploads\/2025\/04\/cropped-EuroCamas.png","width":407,"height":163,"caption":"Euro Camas"},"image":{"@id":"https:\/\/eurocamas.es\/#\/schema\/logo\/image\/"}}]}},"_links":{"self":[{"href":"https:\/\/eurocamas.es\/en\/wp-json\/wp\/v2\/pages\/14","targetHints":{"allow":["GET"]}}],"collection":[{"href":"https:\/\/eurocamas.es\/en\/wp-json\/wp\/v2\/pages"}],"about":[{"href":"https:\/\/eurocamas.es\/en\/wp-json\/wp\/v2\/types\/page"}],"author":[{"embeddable":true,"href":"https:\/\/eurocamas.es\/en\/wp-json\/wp\/v2\/users\/5"}],"replies":[{"embeddable":true,"href":"https:\/\/eurocamas.es\/en\/wp-json\/wp\/v2\/comments?post=14"}],"version-history":[{"count":670,"href":"https:\/\/eurocamas.es\/en\/wp-json\/wp\/v2\/pages\/14\/revisions"}],"predecessor-version":[{"id":2572,"href":"https:\/\/eurocamas.es\/en\/wp-json\/wp\/v2\/pages\/14\/revisions\/2572"}],"wp:attachment":[{"href":"https:\/\/eurocamas.es\/en\/wp-json\/wp\/v2\/media?parent=14"}],"curies":[{"name":"wp","href":"https:\/\/api.w.org\/{rel}","templated":true}]}}