{"id":941,"date":"2024-10-17T15:49:26","date_gmt":"2024-10-17T15:49:26","guid":{"rendered":"https:\/\/openshops.rkinformatika.online\/?page_id=941"},"modified":"2025-04-16T08:37:55","modified_gmt":"2025-04-16T08:37:55","slug":"inicio","status":"publish","type":"page","link":"https:\/\/eurocamas.es\/en\/","title":{"rendered":"Home"},"content":{"rendered":"<div data-elementor-type=\"wp-page\" data-elementor-id=\"941\" class=\"elementor elementor-941\" data-elementor-post-type=\"page\">\n\t\t\t\t\t\t<section class=\"elementor-section elementor-top-section elementor-element elementor-element-2ceda46f elementor-section-height-min-height elementor-section-boxed elementor-section-height-default elementor-section-items-middle\" data-id=\"2ceda46f\" data-element_type=\"section\" data-e-type=\"section\" data-settings=\"{&quot;background_background&quot;:&quot;classic&quot;}\">\n\t\t\t\t\t\t\t<div class=\"elementor-background-overlay\"><\/div>\n\t\t\t\t\t\t\t<div class=\"elementor-container elementor-column-gap-no\">\n\t\t\t\t\t<div class=\"elementor-column elementor-col-100 elementor-top-column elementor-element elementor-element-21c58e5c\" data-id=\"21c58e5c\" data-element_type=\"column\" data-e-type=\"column\">\n\t\t\t<div class=\"elementor-widget-wrap elementor-element-populated\">\n\t\t\t\t\t\t<div class=\"elementor-element elementor-element-42f39f1c elementor-invisible elementor-widget elementor-widget-heading\" data-id=\"42f39f1c\" data-element_type=\"widget\" data-e-type=\"widget\" data-settings=\"{&quot;_animation&quot;:&quot;zoomIn&quot;}\" data-widget_type=\"heading.default\">\n\t\t\t\t<div class=\"elementor-widget-container\">\n\t\t\t\t\t<h2 class=\"elementor-heading-title elementor-size-default\">Welcome to eurocamas<\/h2>\t\t\t\t<\/div>\n\t\t\t\t<\/div>\n\t\t\t\t<div class=\"elementor-element elementor-element-2953f42a elementor-widget__width-initial elementor-widget-mobile__width-inherit elementor-invisible elementor-widget elementor-widget-text-editor\" data-id=\"2953f42a\" data-element_type=\"widget\" data-e-type=\"widget\" data-settings=\"{&quot;_animation&quot;:&quot;zoomIn&quot;}\" data-widget_type=\"text-editor.default\">\n\t\t\t\t<div class=\"elementor-widget-container\">\n\t\t\t\t\t\t\t\t\t<p>Low Cost Product Bazaar<\/p>\t\t\t\t\t\t\t\t<\/div>\n\t\t\t\t<\/div>\n\t\t\t\t\t<\/div>\n\t\t<\/div>\n\t\t\t\t\t<\/div>\n\t\t<\/section>\n\t\t\t\t<section class=\"elementor-section elementor-top-section elementor-element elementor-element-4c97510d elementor-section-content-middle elementor-section-boxed elementor-section-height-default elementor-section-height-default\" data-id=\"4c97510d\" data-element_type=\"section\" data-e-type=\"section\" data-settings=\"{&quot;background_background&quot;:&quot;classic&quot;}\">\n\t\t\t\t\t\t<div class=\"elementor-container elementor-column-gap-no\">\n\t\t\t\t\t<div class=\"elementor-column elementor-col-50 elementor-top-column elementor-element elementor-element-429b18ab elementor-hidden-tablet elementor-hidden-mobile elementor-invisible\" data-id=\"429b18ab\" data-element_type=\"column\" data-e-type=\"column\" data-settings=\"{&quot;animation&quot;:&quot;fadeInLeft&quot;,&quot;animation_delay&quot;:300}\">\n\t\t\t<div class=\"elementor-widget-wrap elementor-element-populated\">\n\t\t\t\t\t\t<div class=\"elementor-element elementor-element-15c43cc1 elementor-widget elementor-widget-image\" data-id=\"15c43cc1\" data-element_type=\"widget\" data-e-type=\"widget\" data-widget_type=\"image.default\">\n\t\t\t\t<div class=\"elementor-widget-container\">\n\t\t\t\t\t\t\t\t\t\t\t\t\t\t\t<img fetchpriority=\"high\" decoding=\"async\" width=\"1500\" height=\"844\" src=\"https:\/\/eurocamas.es\/wp-content\/uploads\/2025\/04\/3879202.jpg\" class=\"attachment-full size-full wp-image-2435\" alt=\"\" srcset=\"https:\/\/eurocamas.es\/wp-content\/uploads\/2025\/04\/3879202.jpg 1500w, https:\/\/eurocamas.es\/wp-content\/uploads\/2025\/04\/3879202-300x169.jpg 300w, https:\/\/eurocamas.es\/wp-content\/uploads\/2025\/04\/3879202-1024x576.jpg 1024w, https:\/\/eurocamas.es\/wp-content\/uploads\/2025\/04\/3879202-768x432.jpg 768w, https:\/\/eurocamas.es\/wp-content\/uploads\/2025\/04\/3879202-18x10.jpg 18w\" sizes=\"(max-width: 1500px) 100vw, 1500px\" \/>\t\t\t\t\t\t\t\t\t\t\t\t\t\t\t<\/div>\n\t\t\t\t<\/div>\n\t\t\t\t\t<\/div>\n\t\t<\/div>\n\t\t\t\t<div class=\"elementor-column elementor-col-50 elementor-top-column elementor-element elementor-element-37bb1425\" data-id=\"37bb1425\" data-element_type=\"column\" data-e-type=\"column\" data-settings=\"{&quot;background_background&quot;:&quot;classic&quot;}\">\n\t\t\t<div class=\"elementor-widget-wrap elementor-element-populated\">\n\t\t\t\t\t\t<section class=\"elementor-section elementor-inner-section elementor-element elementor-element-6b04b859 elementor-section-boxed elementor-section-height-default elementor-section-height-default\" data-id=\"6b04b859\" data-element_type=\"section\" data-e-type=\"section\" data-settings=\"{&quot;background_background&quot;:&quot;classic&quot;}\">\n\t\t\t\t\t\t<div class=\"elementor-container elementor-column-gap-no\">\n\t\t\t\t\t<div class=\"elementor-column elementor-col-100 elementor-inner-column elementor-element elementor-element-505014f4 elementor-invisible\" data-id=\"505014f4\" data-element_type=\"column\" data-e-type=\"column\" data-settings=\"{&quot;background_background&quot;:&quot;classic&quot;,&quot;animation&quot;:&quot;fadeInRight&quot;}\">\n\t\t\t<div class=\"elementor-widget-wrap elementor-element-populated\">\n\t\t\t\t\t<div class=\"elementor-background-overlay\"><\/div>\n\t\t\t\t\t\t<div class=\"elementor-element elementor-element-54dad1e0 elementor-widget-divider--view-line_text elementor-widget-divider--element-align-center elementor-widget elementor-widget-divider\" data-id=\"54dad1e0\" data-element_type=\"widget\" data-e-type=\"widget\" data-widget_type=\"divider.default\">\n\t\t\t\t<div class=\"elementor-widget-container\">\n\t\t\t\t\t\t\t<div class=\"elementor-divider\">\n\t\t\t<span class=\"elementor-divider-separator\">\n\t\t\t\t\t\t\t<span class=\"elementor-divider__text elementor-divider__element\">\n\t\t\t\tEuroCamas\t\t\t\t<\/span>\n\t\t\t\t\t\t<\/span>\n\t\t<\/div>\n\t\t\t\t\t\t<\/div>\n\t\t\t\t<\/div>\n\t\t\t\t<div class=\"elementor-element elementor-element-5a255791 elementor-widget elementor-widget-heading\" data-id=\"5a255791\" data-element_type=\"widget\" data-e-type=\"widget\" data-widget_type=\"heading.default\">\n\t\t\t\t<div class=\"elementor-widget-container\">\n\t\t\t\t\t<h2 class=\"elementor-heading-title elementor-size-default\">About us<\/h2>\t\t\t\t<\/div>\n\t\t\t\t<\/div>\n\t\t\t\t<div class=\"elementor-element elementor-element-40bf7b26 elementor-widget elementor-widget-text-editor\" data-id=\"40bf7b26\" data-element_type=\"widget\" data-e-type=\"widget\" data-widget_type=\"text-editor.default\">\n\t\t\t\t<div class=\"elementor-widget-container\">\n\t\t\t\t\t\t\t\t\t<div class=\"flex-shrink-0 flex flex-col relative items-end\"><p class=\"\" data-start=\"31\" data-end=\"309\">At Bazar Eurocamas, we offer a wide range of low-cost products to meet all your needs. Located in Seville, we carry an extensive selection of items for the home, technology, decoration, appliances, tools, toys, and much more.<\/p><p class=\"\" data-start=\"311\" data-end=\"627\">We offer quality products at affordable prices, so you can find everything you need without going over your budget. Whether you're looking to furnish your home, find a gift, or discover practical everyday solutions, at Bazar Eurocamas you'll always find excellent quality options at low prices.<\/p><\/div>\t\t\t\t\t\t\t\t<\/div>\n\t\t\t\t<\/div>\n\t\t\t\t<div class=\"elementor-element elementor-element-4952c455 elementor-align-center elementor-widget elementor-widget-button\" data-id=\"4952c455\" data-element_type=\"widget\" data-e-type=\"widget\" data-widget_type=\"button.default\">\n\t\t\t\t<div class=\"elementor-widget-container\">\n\t\t\t\t\t\t\t\t\t<div class=\"elementor-button-wrapper\">\n\t\t\t\t\t<a class=\"elementor-button elementor-button-link elementor-size-sm elementor-animation-float\" href=\"https:\/\/eurocamas.es\/en\/productos\/\">\n\t\t\t\t\t\t<span class=\"elementor-button-content-wrapper\">\n\t\t\t\t\t\t\t\t\t<span class=\"elementor-button-text\">Products<\/span>\n\t\t\t\t\t<\/span>\n\t\t\t\t\t<\/a>\n\t\t\t\t<\/div>\n\t\t\t\t\t\t\t\t<\/div>\n\t\t\t\t<\/div>\n\t\t\t\t\t<\/div>\n\t\t<\/div>\n\t\t\t\t\t<\/div>\n\t\t<\/section>\n\t\t\t\t\t<\/div>\n\t\t<\/div>\n\t\t\t\t\t<\/div>\n\t\t<\/section>\n\t\t<div class=\"elementor-element elementor-element-759505a e-flex e-con-boxed e-con e-parent\" data-id=\"759505a\" data-element_type=\"container\" data-e-type=\"container\">\n\t\t\t\t\t<div class=\"e-con-inner\">\n\t\t\t\t<div class=\"elementor-element elementor-element-8a07eb5 elementor-hidden-desktop elementor-widget elementor-widget-image\" data-id=\"8a07eb5\" data-element_type=\"widget\" data-e-type=\"widget\" data-widget_type=\"image.default\">\n\t\t\t\t<div class=\"elementor-widget-container\">\n\t\t\t\t\t\t\t\t\t\t\t\t\t\t\t<img decoding=\"async\" width=\"768\" height=\"432\" src=\"https:\/\/eurocamas.es\/wp-content\/uploads\/2025\/04\/3879202-768x432.jpg\" class=\"attachment-medium_large size-medium_large wp-image-2435\" alt=\"\" srcset=\"https:\/\/eurocamas.es\/wp-content\/uploads\/2025\/04\/3879202-768x432.jpg 768w, https:\/\/eurocamas.es\/wp-content\/uploads\/2025\/04\/3879202-300x169.jpg 300w, https:\/\/eurocamas.es\/wp-content\/uploads\/2025\/04\/3879202-1024x576.jpg 1024w, https:\/\/eurocamas.es\/wp-content\/uploads\/2025\/04\/3879202-18x10.jpg 18w, https:\/\/eurocamas.es\/wp-content\/uploads\/2025\/04\/3879202.jpg 1500w\" sizes=\"(max-width: 768px) 100vw, 768px\" \/>\t\t\t\t\t\t\t\t\t\t\t\t\t\t\t<\/div>\n\t\t\t\t<\/div>\n\t\t\t\t\t<\/div>\n\t\t\t\t<\/div>\n\t\t\t\t<section class=\"elementor-section elementor-top-section elementor-element elementor-element-2ee96431 elementor-section-boxed elementor-section-height-default elementor-section-height-default\" data-id=\"2ee96431\" data-element_type=\"section\" data-e-type=\"section\" data-settings=\"{&quot;background_background&quot;:&quot;classic&quot;}\">\n\t\t\t\t\t\t\t<div class=\"elementor-background-overlay\"><\/div>\n\t\t\t\t\t\t\t<div class=\"elementor-container elementor-column-gap-no\">\n\t\t\t\t\t<div class=\"elementor-column elementor-col-100 elementor-top-column elementor-element elementor-element-5f1a4080\" data-id=\"5f1a4080\" data-element_type=\"column\" data-e-type=\"column\" data-settings=\"{&quot;background_background&quot;:&quot;classic&quot;}\">\n\t\t\t<div class=\"elementor-widget-wrap elementor-element-populated\">\n\t\t\t\t\t\t<div class=\"elementor-element elementor-element-4c04fdc6 elementor-invisible elementor-widget elementor-widget-heading\" data-id=\"4c04fdc6\" data-element_type=\"widget\" data-e-type=\"widget\" data-settings=\"{&quot;_animation&quot;:&quot;zoomIn&quot;}\" data-widget_type=\"heading.default\">\n\t\t\t\t<div class=\"elementor-widget-container\">\n\t\t\t\t\t<h2 class=\"elementor-heading-title elementor-size-default\">Everything you're looking for, all in one place!<\/h2>\t\t\t\t<\/div>\n\t\t\t\t<\/div>\n\t\t\t\t<div class=\"elementor-element elementor-element-a6cd98e elementor-align-center elementor-widget elementor-widget-button\" data-id=\"a6cd98e\" data-element_type=\"widget\" data-e-type=\"widget\" data-widget_type=\"button.default\">\n\t\t\t\t<div class=\"elementor-widget-container\">\n\t\t\t\t\t\t\t\t\t<div class=\"elementor-button-wrapper\">\n\t\t\t\t\t<a class=\"elementor-button elementor-button-link elementor-size-sm elementor-animation-float\" href=\"https:\/\/eurocamas.es\/en\/contacto\/\">\n\t\t\t\t\t\t<span class=\"elementor-button-content-wrapper\">\n\t\t\t\t\t\t\t\t\t<span class=\"elementor-button-text\">Contact Us<\/span>\n\t\t\t\t\t<\/span>\n\t\t\t\t\t<\/a>\n\t\t\t\t<\/div>\n\t\t\t\t\t\t\t\t<\/div>\n\t\t\t\t<\/div>\n\t\t\t\t\t<\/div>\n\t\t<\/div>\n\t\t\t\t\t<\/div>\n\t\t<\/section>\n\t\t\t\t<\/div>","protected":false},"excerpt":{"rendered":"<p>Bienvenidos a Eurocamas Bazar de productos low cost EuroCamas Sobre nosotros En Bazar Eurocamas, te ofrecemos una amplia gama de productos low cost para satisfacer todas tus necesidades. Ubicados en Sevilla, contamos con un extenso surtido de art\u00edculos para el hogar, tecnolog\u00eda, decoraci\u00f3n, electrodom\u00e9sticos, herramientas, juguetes y mucho m\u00e1s. Ofrecemos productos de calidad a precios [&hellip;]<\/p>\n","protected":false},"author":5,"featured_media":0,"parent":0,"menu_order":0,"comment_status":"closed","ping_status":"closed","template":"elementor_canvas","meta":{"footnotes":""},"class_list":["post-941","page","type-page","status-publish","hentry"],"yoast_head":"<!-- This site is optimized with the Yoast SEO plugin v27.3 - https:\/\/yoast.com\/product\/yoast-seo-wordpress\/ -->\n<title>Inicio - Euro Camas<\/title>\n<meta name=\"robots\" content=\"index, follow, max-snippet:-1, max-image-preview:large, max-video-preview:-1\" \/>\n<link rel=\"canonical\" href=\"https:\/\/eurocamas.es\/en\/\" \/>\n<meta property=\"og:locale\" content=\"en_GB\" \/>\n<meta property=\"og:type\" content=\"article\" \/>\n<meta property=\"og:title\" content=\"Inicio - Euro Camas\" \/>\n<meta property=\"og:description\" content=\"Bienvenidos a Eurocamas Bazar de productos low cost EuroCamas Sobre nosotros En Bazar Eurocamas, te ofrecemos una amplia gama de productos low cost para satisfacer todas tus necesidades. Ubicados en Sevilla, contamos con un extenso surtido de art\u00edculos para el hogar, tecnolog\u00eda, decoraci\u00f3n, electrodom\u00e9sticos, herramientas, juguetes y mucho m\u00e1s. Ofrecemos productos de calidad a precios [&hellip;]\" \/>\n<meta property=\"og:url\" content=\"https:\/\/eurocamas.es\/en\/\" \/>\n<meta property=\"og:site_name\" content=\"Euro Camas\" \/>\n<meta property=\"article:modified_time\" content=\"2025-04-16T08:37:55+00:00\" \/>\n<meta property=\"og:image\" content=\"https:\/\/eurocamas.es\/wp-content\/uploads\/2025\/04\/3879202.jpg\" \/>\n\t<meta property=\"og:image:width\" content=\"1500\" \/>\n\t<meta property=\"og:image:height\" content=\"844\" \/>\n\t<meta property=\"og:image:type\" content=\"image\/jpeg\" \/>\n<meta name=\"twitter:card\" content=\"summary_large_image\" \/>\n<meta name=\"twitter:label1\" content=\"Estimated reading time\" \/>\n\t<meta name=\"twitter:data1\" content=\"1 minute\" \/>\n<script type=\"application\/ld+json\" class=\"yoast-schema-graph\">{\"@context\":\"https:\\\/\\\/schema.org\",\"@graph\":[{\"@type\":\"WebPage\",\"@id\":\"https:\\\/\\\/eurocamas.es\\\/\",\"url\":\"https:\\\/\\\/eurocamas.es\\\/\",\"name\":\"Inicio - Euro Camas\",\"isPartOf\":{\"@id\":\"https:\\\/\\\/eurocamas.es\\\/#website\"},\"primaryImageOfPage\":{\"@id\":\"https:\\\/\\\/eurocamas.es\\\/#primaryimage\"},\"image\":{\"@id\":\"https:\\\/\\\/eurocamas.es\\\/#primaryimage\"},\"thumbnailUrl\":\"https:\\\/\\\/eurocamas.es\\\/wp-content\\\/uploads\\\/2025\\\/04\\\/3879202.jpg\",\"datePublished\":\"2024-10-17T15:49:26+00:00\",\"dateModified\":\"2025-04-16T08:37:55+00:00\",\"breadcrumb\":{\"@id\":\"https:\\\/\\\/eurocamas.es\\\/#breadcrumb\"},\"inLanguage\":\"en-GB\",\"potentialAction\":[{\"@type\":\"ReadAction\",\"target\":[\"https:\\\/\\\/eurocamas.es\\\/\"]}]},{\"@type\":\"ImageObject\",\"inLanguage\":\"en-GB\",\"@id\":\"https:\\\/\\\/eurocamas.es\\\/#primaryimage\",\"url\":\"https:\\\/\\\/eurocamas.es\\\/wp-content\\\/uploads\\\/2025\\\/04\\\/3879202.jpg\",\"contentUrl\":\"https:\\\/\\\/eurocamas.es\\\/wp-content\\\/uploads\\\/2025\\\/04\\\/3879202.jpg\"},{\"@type\":\"BreadcrumbList\",\"@id\":\"https:\\\/\\\/eurocamas.es\\\/#breadcrumb\",\"itemListElement\":[{\"@type\":\"ListItem\",\"position\":1,\"name\":\"Portada\",\"item\":\"https:\\\/\\\/eurocamas.es\\\/\"},{\"@type\":\"ListItem\",\"position\":2,\"name\":\"Inicio\"}]},{\"@type\":\"WebSite\",\"@id\":\"https:\\\/\\\/eurocamas.es\\\/#website\",\"url\":\"https:\\\/\\\/eurocamas.es\\\/\",\"name\":\"Euro Camas\",\"description\":\"Bazar de productos low cost\",\"publisher\":{\"@id\":\"https:\\\/\\\/eurocamas.es\\\/#organization\"},\"potentialAction\":[{\"@type\":\"SearchAction\",\"target\":{\"@type\":\"EntryPoint\",\"urlTemplate\":\"https:\\\/\\\/eurocamas.es\\\/?s={search_term_string}\"},\"query-input\":{\"@type\":\"PropertyValueSpecification\",\"valueRequired\":true,\"valueName\":\"search_term_string\"}}],\"inLanguage\":\"en-GB\"},{\"@type\":\"Organization\",\"@id\":\"https:\\\/\\\/eurocamas.es\\\/#organization\",\"name\":\"Euro Camas\",\"url\":\"https:\\\/\\\/eurocamas.es\\\/\",\"logo\":{\"@type\":\"ImageObject\",\"inLanguage\":\"en-GB\",\"@id\":\"https:\\\/\\\/eurocamas.es\\\/#\\\/schema\\\/logo\\\/image\\\/\",\"url\":\"https:\\\/\\\/eurocamas.es\\\/wp-content\\\/uploads\\\/2025\\\/04\\\/cropped-EuroCamas.png\",\"contentUrl\":\"https:\\\/\\\/eurocamas.es\\\/wp-content\\\/uploads\\\/2025\\\/04\\\/cropped-EuroCamas.png\",\"width\":407,\"height\":163,\"caption\":\"Euro Camas\"},\"image\":{\"@id\":\"https:\\\/\\\/eurocamas.es\\\/#\\\/schema\\\/logo\\\/image\\\/\"}}]}<\/script>\n<!-- \/ Yoast SEO plugin. -->","yoast_head_json":{"title":"Inicio - Euro Camas","robots":{"index":"index","follow":"follow","max-snippet":"max-snippet:-1","max-image-preview":"max-image-preview:large","max-video-preview":"max-video-preview:-1"},"canonical":"https:\/\/eurocamas.es\/en\/","og_locale":"en_GB","og_type":"article","og_title":"Inicio - Euro Camas","og_description":"Bienvenidos a Eurocamas Bazar de productos low cost EuroCamas Sobre nosotros En Bazar Eurocamas, te ofrecemos una amplia gama de productos low cost para satisfacer todas tus necesidades. Ubicados en Sevilla, contamos con un extenso surtido de art\u00edculos para el hogar, tecnolog\u00eda, decoraci\u00f3n, electrodom\u00e9sticos, herramientas, juguetes y mucho m\u00e1s. Ofrecemos productos de calidad a precios [&hellip;]","og_url":"https:\/\/eurocamas.es\/en\/","og_site_name":"Euro Camas","article_modified_time":"2025-04-16T08:37:55+00:00","og_image":[{"width":1500,"height":844,"url":"https:\/\/eurocamas.es\/wp-content\/uploads\/2025\/04\/3879202.jpg","type":"image\/jpeg"}],"twitter_card":"summary_large_image","twitter_misc":{"Estimated reading time":"1 minute"},"schema":{"@context":"https:\/\/schema.org","@graph":[{"@type":"WebPage","@id":"https:\/\/eurocamas.es\/","url":"https:\/\/eurocamas.es\/","name":"Inicio - Euro Camas","isPartOf":{"@id":"https:\/\/eurocamas.es\/#website"},"primaryImageOfPage":{"@id":"https:\/\/eurocamas.es\/#primaryimage"},"image":{"@id":"https:\/\/eurocamas.es\/#primaryimage"},"thumbnailUrl":"https:\/\/eurocamas.es\/wp-content\/uploads\/2025\/04\/3879202.jpg","datePublished":"2024-10-17T15:49:26+00:00","dateModified":"2025-04-16T08:37:55+00:00","breadcrumb":{"@id":"https:\/\/eurocamas.es\/#breadcrumb"},"inLanguage":"en-GB","potentialAction":[{"@type":"ReadAction","target":["https:\/\/eurocamas.es\/"]}]},{"@type":"ImageObject","inLanguage":"en-GB","@id":"https:\/\/eurocamas.es\/#primaryimage","url":"https:\/\/eurocamas.es\/wp-content\/uploads\/2025\/04\/3879202.jpg","contentUrl":"https:\/\/eurocamas.es\/wp-content\/uploads\/2025\/04\/3879202.jpg"},{"@type":"BreadcrumbList","@id":"https:\/\/eurocamas.es\/#breadcrumb","itemListElement":[{"@type":"ListItem","position":1,"name":"Portada","item":"https:\/\/eurocamas.es\/"},{"@type":"ListItem","position":2,"name":"Inicio"}]},{"@type":"WebSite","@id":"https:\/\/eurocamas.es\/#website","url":"https:\/\/eurocamas.es\/","name":"Euro Camas","description":"Low Cost Product Bazaar","publisher":{"@id":"https:\/\/eurocamas.es\/#organization"},"potentialAction":[{"@type":"SearchAction","target":{"@type":"EntryPoint","urlTemplate":"https:\/\/eurocamas.es\/?s={search_term_string}"},"query-input":{"@type":"PropertyValueSpecification","valueRequired":true,"valueName":"search_term_string"}}],"inLanguage":"en-GB"},{"@type":"Organization","@id":"https:\/\/eurocamas.es\/#organization","name":"Euro Camas","url":"https:\/\/eurocamas.es\/","logo":{"@type":"ImageObject","inLanguage":"en-GB","@id":"https:\/\/eurocamas.es\/#\/schema\/logo\/image\/","url":"https:\/\/eurocamas.es\/wp-content\/uploads\/2025\/04\/cropped-EuroCamas.png","contentUrl":"https:\/\/eurocamas.es\/wp-content\/uploads\/2025\/04\/cropped-EuroCamas.png","width":407,"height":163,"caption":"Euro Camas"},"image":{"@id":"https:\/\/eurocamas.es\/#\/schema\/logo\/image\/"}}]}},"_links":{"self":[{"href":"https:\/\/eurocamas.es\/en\/wp-json\/wp\/v2\/pages\/941","targetHints":{"allow":["GET"]}}],"collection":[{"href":"https:\/\/eurocamas.es\/en\/wp-json\/wp\/v2\/pages"}],"about":[{"href":"https:\/\/eurocamas.es\/en\/wp-json\/wp\/v2\/types\/page"}],"author":[{"embeddable":true,"href":"https:\/\/eurocamas.es\/en\/wp-json\/wp\/v2\/users\/5"}],"replies":[{"embeddable":true,"href":"https:\/\/eurocamas.es\/en\/wp-json\/wp\/v2\/comments?post=941"}],"version-history":[{"count":727,"href":"https:\/\/eurocamas.es\/en\/wp-json\/wp\/v2\/pages\/941\/revisions"}],"predecessor-version":[{"id":2577,"href":"https:\/\/eurocamas.es\/en\/wp-json\/wp\/v2\/pages\/941\/revisions\/2577"}],"wp:attachment":[{"href":"https:\/\/eurocamas.es\/en\/wp-json\/wp\/v2\/media?parent=941"}],"curies":[{"name":"wp","href":"https:\/\/api.w.org\/{rel}","templated":true}]}}